{"id":15,"date":"2016-09-20T14:32:36","date_gmt":"2016-09-20T14:32:36","guid":{"rendered":"http:\/\/gerhardfischer.de\/?page_id=15"},"modified":"2024-03-18T16:17:47","modified_gmt":"2024-03-18T16:17:47","slug":"und","status":"publish","type":"page","link":"https:\/\/filisfotos.de\/?page_id=15","title":{"rendered":"&#8230; und&#8230;"},"content":{"rendered":"\n<p><span style=\"color: #000000;\"><strong>fili<\/strong>: ein Fotoamateur mit Spa\u00df am Fotografieren seit der Kindheit. Ich m\u00f6chte Ihnen hier gerne einige meiner Bilder zeigen.<\/span><\/p>\n\n\n\n<p><span style=\"color: #000000;\">Die gezeigten Bilder stammen aus einer langen Zeit meines &#8222;fotografischen Wirkens&#8220;. Sie spiegeln daher auch meine Entwicklung wider, vor allem aber auch eine lange Entwicklung der Technik. So gibt es Bilder aus der Anfangszeit der Digitalfotografie, verrauscht, etwas pixelig, aber auch Bilder aus j\u00fcngster Zeit, die mit einer ordentlichen Systemkamera aufgenommen wurden. Seien Sie also bitte &#8222;gn\u00e4dig&#8220;, wenn Sie technische Unzul\u00e4nglichkeiten entdecken.<\/span><\/p>\n\n\n\n<p><span style=\"color: #000000;\">Mit der Pr\u00e4sentation der Bilder auf meiner Website mache ich mir es seit l\u00e4ngerer Zeit einfacher: ich nutze WordPress als Content Management System, was die Pflege gegen\u00fcber fr\u00fcher sehr erleichtert. Nat\u00fcrlich sind die individuellen Gestaltungsm\u00f6glichkeiten dadurch reduziert. Aber es kommt ja auf die Bilder an! Die Alben, die meine Bilder enthalten, habe ich in die Cloud (Lightroom) ausgelagert. Sie \u00f6ffnen sich jeweils in einem eigenen Fenster.&nbsp;<\/span><\/p>\n\n\n\n<p><span style=\"color: #000000;\">Bilder auf der Homepage des<\/span> <span style=\"color: #9bbb50;\"><strong><a style=\"color: #9bbb50;\" href=\"http:\/\/www.photoclub-reutlingen.de\" target=\"_blank\" rel=\"noopener noreferrer\">Photoclub Reutlingen<\/a><\/strong><\/span><span style=\"color: #000000;\">:&nbsp;<\/span><br>\n<span style=\"color: #3366ff;\"><a style=\"color: #3366ff;\" href=\"https:\/\/photoclub-reutlingen.de\/author\/gerhard-fischer\/\" target=\"_blank\" rel=\"noopener noreferrer\"><strong><span style=\"color: #9bbb50;\">Galerien G. Fischer<\/span><\/strong><\/a><\/span><\/p>\n\n\n\n<p><span style=\"color: #000000;\">Sie m\u00f6chten auf Instagram von neuen Bildern erfahren? Folgen Sie <span style=\"color: #9bbb50;\"><strong><a style=\"color: #9bbb50;\" href=\"https:\/\/www.instagram.com\/filisfotos\/\" target=\"_blank\" rel=\"noopener\">filisfotos<\/a><\/strong><\/span><\/span><\/p>\n\n\n\n<p><span style=\"color: #000000;\"><strong>Kontakt:<\/strong><\/span>&nbsp;(ich freue mich \u00fcber Ihre Nachricht)<\/p>\n\n\n\n<div class=\"wpcf7 no-js\" id=\"wpcf7-f93-o1\" lang=\"de-DE\" dir=\"ltr\" data-wpcf7-id=\"93\">\n<div class=\"screen-reader-response\"><p role=\"status\" aria-live=\"polite\" aria-atomic=\"true\"><\/p> <ul><\/ul><\/div>\n<form action=\"\/index.php?rest_route=%2Fwp%2Fv2%2Fpages%2F15#wpcf7-f93-o1\" method=\"post\" class=\"wpcf7-form init\" aria-label=\"Kontaktformular\" novalidate=\"novalidate\" data-status=\"init\">\n<fieldset class=\"hidden-fields-container\"><input type=\"hidden\" name=\"_wpcf7\" value=\"93\" \/><input type=\"hidden\" name=\"_wpcf7_version\" value=\"6.1.5\" \/><input type=\"hidden\" name=\"_wpcf7_locale\" value=\"de_DE\" \/><input type=\"hidden\" name=\"_wpcf7_unit_tag\" value=\"wpcf7-f93-o1\" \/><input type=\"hidden\" name=\"_wpcf7_container_post\" value=\"0\" \/><input type=\"hidden\" name=\"_wpcf7_posted_data_hash\" value=\"\" \/>\n<\/fieldset>\n<p><label> Ihr Name (*)<br \/>\n<span class=\"wpcf7-form-control-wrap\" data-name=\"your-name\"><input size=\"40\" maxlength=\"400\" class=\"wpcf7-form-control wpcf7-text wpcf7-validates-as-required\" aria-required=\"true\" aria-invalid=\"false\" value=\"\" type=\"text\" name=\"your-name\" \/><\/span> <\/label>\n<\/p>\n<p><label> Ihre E-Mail-Adresse (*)<br \/>\n<span class=\"wpcf7-form-control-wrap\" data-name=\"your-email\"><input size=\"40\" maxlength=\"400\" class=\"wpcf7-form-control wpcf7-email wpcf7-validates-as-required wpcf7-text wpcf7-validates-as-email\" aria-required=\"true\" aria-invalid=\"false\" value=\"\" type=\"email\" name=\"your-email\" \/><\/span> <\/label>\n<\/p>\n<p><label> Betreff<br \/>\n<span class=\"wpcf7-form-control-wrap\" data-name=\"your-subject\"><input size=\"40\" maxlength=\"400\" class=\"wpcf7-form-control wpcf7-text\" aria-invalid=\"false\" value=\"\" type=\"text\" name=\"your-subject\" \/><\/span> <\/label>\n<\/p>\n<p><label> Ihre Nachricht (*)<br \/>\n<span class=\"wpcf7-form-control-wrap\" data-name=\"your-message\"><textarea cols=\"40\" rows=\"10\" maxlength=\"2000\" class=\"wpcf7-form-control wpcf7-textarea wpcf7-validates-as-required\" aria-required=\"true\" aria-invalid=\"false\" name=\"your-message\"><\/textarea><\/span> <\/label>\n<\/p>\n<p><label> (*): Eingabe erforderlich<br \/>\n<input class=\"wpcf7-form-control wpcf7-submit has-spinner\" type=\"submit\" value=\"Senden\" \/><\/label>\n<\/p><div class=\"wpcf7-response-output\" aria-hidden=\"true\"><\/div>\n<\/form>\n<\/div>\n\n","protected":false},"excerpt":{"rendered":"<p>fili: ein Fotoamateur mit Spa\u00df am Fotografieren seit der Kindheit. Ich m\u00f6chte Ihnen hier gerne einige meiner Bilder zeigen. Die gezeigten Bilder stammen aus einer langen Zeit meines &#8222;fotografischen Wirkens&#8220;. Sie spiegeln daher auch meine Entwicklung wider, vor allem aber auch eine lange Entwicklung der Technik. So gibt es Bilder aus der Anfangszeit der Digitalfotografie, [&hellip;]<\/p>\n","protected":false},"author":1,"featured_media":0,"parent":0,"menu_order":0,"comment_status":"closed","ping_status":"closed","template":"","meta":{"footnotes":""},"class_list":["post-15","page","type-page","status-publish","hentry"],"_links":{"self":[{"href":"https:\/\/filisfotos.de\/index.php?rest_route=\/wp\/v2\/pages\/15","targetHints":{"allow":["GET"]}}],"collection":[{"href":"https:\/\/filisfotos.de\/index.php?rest_route=\/wp\/v2\/pages"}],"about":[{"href":"https:\/\/filisfotos.de\/index.php?rest_route=\/wp\/v2\/types\/page"}],"author":[{"embeddable":true,"href":"https:\/\/filisfotos.de\/index.php?rest_route=\/wp\/v2\/users\/1"}],"replies":[{"embeddable":true,"href":"https:\/\/filisfotos.de\/index.php?rest_route=%2Fwp%2Fv2%2Fcomments&post=15"}],"version-history":[{"count":34,"href":"https:\/\/filisfotos.de\/index.php?rest_route=\/wp\/v2\/pages\/15\/revisions"}],"predecessor-version":[{"id":1413,"href":"https:\/\/filisfotos.de\/index.php?rest_route=\/wp\/v2\/pages\/15\/revisions\/1413"}],"wp:attachment":[{"href":"https:\/\/filisfotos.de\/index.php?rest_route=%2Fwp%2Fv2%2Fmedia&parent=15"}],"curies":[{"name":"wp","href":"https:\/\/api.w.org\/{rel}","templated":true}]}}